{"id":62,"date":"2022-08-21T21:59:49","date_gmt":"2022-08-21T19:59:49","guid":{"rendered":"http:\/\/www.neverstoploving.org\/?page_id=62"},"modified":"2022-11-13T15:28:11","modified_gmt":"2022-11-13T14:28:11","slug":"evenement","status":"publish","type":"page","link":"https:\/\/www.neverstoploving.org\/index.php\/evenement\/","title":{"rendered":"\u00c9VEN\u00c8MENTS"},"content":{"rendered":"\t\t<div data-elementor-type=\"wp-page\" data-elementor-id=\"62\" class=\"elementor elementor-62\">\n\t\t\t\t\t\t<section class=\"elementor-section elementor-top-section elementor-element elementor-element-14a46a9 elementor-section-boxed elementor-section-height-default elementor-section-height-default\" data-id=\"14a46a9\" data-element_type=\"section\">\n\t\t\t\t\t\t<div class=\"elementor-container elementor-column-gap-default\">\n\t\t\t\t\t<div class=\"elementor-column elementor-col-100 elementor-top-column elementor-element elementor-element-d8c4aad\" data-id=\"d8c4aad\" data-element_type=\"column\">\n\t\t\t<div class=\"elementor-widget-wrap elementor-element-populated\">\n\t\t\t\t\t\t<div class=\"elementor-element elementor-element-c19a40f elementor-widget-divider--view-line elementor-widget elementor-widget-divider\" data-id=\"c19a40f\" data-element_type=\"widget\" data-widget_type=\"divider.default\">\n\t\t\t\t<div class=\"elementor-widget-container\">\n\t\t\t<style>\/*! elementor - v3.21.0 - 25-04-2024 *\/\n.elementor-widget-divider{--divider-border-style:none;--divider-border-width:1px;--divider-color:#0c0d0e;--divider-icon-size:20px;--divider-element-spacing:10px;--divider-pattern-height:24px;--divider-pattern-size:20px;--divider-pattern-url:none;--divider-pattern-repeat:repeat-x}.elementor-widget-divider .elementor-divider{display:flex}.elementor-widget-divider .elementor-divider__text{font-size:15px;line-height:1;max-width:95%}.elementor-widget-divider .elementor-divider__element{margin:0 var(--divider-element-spacing);flex-shrink:0}.elementor-widget-divider .elementor-icon{font-size:var(--divider-icon-size)}.elementor-widget-divider .elementor-divider-separator{display:flex;margin:0;direction:ltr}.elementor-widget-divider--view-line_icon .elementor-divider-separator,.elementor-widget-divider--view-line_text .elementor-divider-separator{align-items:center}.elementor-widget-divider--view-line_icon .elementor-divider-separator:after,.elementor-widget-divider--view-line_icon .elementor-divider-separator:before,.elementor-widget-divider--view-line_text .elementor-divider-separator:after,.elementor-widget-divider--view-line_text .elementor-divider-separator:before{display:block;content:\"\";border-block-end:0;flex-grow:1;border-block-start:var(--divider-border-width) var(--divider-border-style) var(--divider-color)}.elementor-widget-divider--element-align-left .elementor-divider .elementor-divider-separator>.elementor-divider__svg:first-of-type{flex-grow:0;flex-shrink:100}.elementor-widget-divider--element-align-left .elementor-divider-separator:before{content:none}.elementor-widget-divider--element-align-left .elementor-divider__element{margin-left:0}.elementor-widget-divider--element-align-right .elementor-divider .elementor-divider-separator>.elementor-divider__svg:last-of-type{flex-grow:0;flex-shrink:100}.elementor-widget-divider--element-align-right .elementor-divider-separator:after{content:none}.elementor-widget-divider--element-align-right .elementor-divider__element{margin-right:0}.elementor-widget-divider--element-align-start .elementor-divider .elementor-divider-separator>.elementor-divider__svg:first-of-type{flex-grow:0;flex-shrink:100}.elementor-widget-divider--element-align-start .elementor-divider-separator:before{content:none}.elementor-widget-divider--element-align-start .elementor-divider__element{margin-inline-start:0}.elementor-widget-divider--element-align-end .elementor-divider .elementor-divider-separator>.elementor-divider__svg:last-of-type{flex-grow:0;flex-shrink:100}.elementor-widget-divider--element-align-end .elementor-divider-separator:after{content:none}.elementor-widget-divider--element-align-end .elementor-divider__element{margin-inline-end:0}.elementor-widget-divider:not(.elementor-widget-divider--view-line_text):not(.elementor-widget-divider--view-line_icon) .elementor-divider-separator{border-block-start:var(--divider-border-width) var(--divider-border-style) var(--divider-color)}.elementor-widget-divider--separator-type-pattern{--divider-border-style:none}.elementor-widget-divider--separator-type-pattern.elementor-widget-divider--view-line .elementor-divider-separator,.elementor-widget-divider--separator-type-pattern:not(.elementor-widget-divider--view-line) .elementor-divider-separator:after,.elementor-widget-divider--separator-type-pattern:not(.elementor-widget-divider--view-line) .elementor-divider-separator:before,.elementor-widget-divider--separator-type-pattern:not([class*=elementor-widget-divider--view]) .elementor-divider-separator{width:100%;min-height:var(--divider-pattern-height);-webkit-mask-size:var(--divider-pattern-size) 100%;mask-size:var(--divider-pattern-size) 100%;-webkit-mask-repeat:var(--divider-pattern-repeat);mask-repeat:var(--divider-pattern-repeat);background-color:var(--divider-color);-webkit-mask-image:var(--divider-pattern-url);mask-image:var(--divider-pattern-url)}.elementor-widget-divider--no-spacing{--divider-pattern-size:auto}.elementor-widget-divider--bg-round{--divider-pattern-repeat:round}.rtl .elementor-widget-divider .elementor-divider__text{direction:rtl}.e-con-inner>.elementor-widget-divider,.e-con>.elementor-widget-divider{width:var(--container-widget-width,100%);--flex-grow:var(--container-widget-flex-grow)}<\/style>\t\t<div class=\"elementor-divider\">\n\t\t\t<span class=\"elementor-divider-separator\">\n\t\t\t\t\t\t<\/span>\n\t\t<\/div>\n\t\t\t\t<\/div>\n\t\t\t\t<\/div>\n\t\t\t\t\t<\/div>\n\t\t<\/div>\n\t\t\t\t\t<\/div>\n\t\t<\/section>\n\t\t\t\t<section class=\"elementor-section elementor-top-section elementor-element elementor-element-85c71ff elementor-section-boxed elementor-section-height-default elementor-section-height-default\" data-id=\"85c71ff\" data-element_type=\"section\">\n\t\t\t\t\t\t<div class=\"elementor-container elementor-column-gap-default\">\n\t\t\t\t\t<div class=\"elementor-column elementor-col-100 elementor-top-column elementor-element elementor-element-e02f266\" data-id=\"e02f266\" data-element_type=\"column\">\n\t\t\t<div class=\"elementor-widget-wrap elementor-element-populated\">\n\t\t\t\t\t\t<div class=\"elementor-element elementor-element-2ebb98e elementor-widget elementor-widget-text-editor\" data-id=\"2ebb98e\" data-element_type=\"widget\" data-widget_type=\"text-editor.default\">\n\t\t\t\t<div class=\"elementor-widget-container\">\n\t\t\t<style>\/*! elementor - v3.21.0 - 25-04-2024 *\/\n.elementor-widget-text-editor.elementor-drop-cap-view-stacked .elementor-drop-cap{background-color:#69727d;color:#fff}.elementor-widget-text-editor.elementor-drop-cap-view-framed .elementor-drop-cap{color:#69727d;border:3px solid;background-color:transparent}.elementor-widget-text-editor:not(.elementor-drop-cap-view-default) .elementor-drop-cap{margin-top:8px}.elementor-widget-text-editor:not(.elementor-drop-cap-view-default) .elementor-drop-cap-letter{width:1em;height:1em}.elementor-widget-text-editor .elementor-drop-cap{float:left;text-align:center;line-height:1;font-size:50px}.elementor-widget-text-editor .elementor-drop-cap-letter{display:inline-block}<\/style>\t\t\t\t<p><strong>Phase 1 \u2013 Mai 2022<\/strong> &#8211; <strong>Cr\u00e9ation de l\u2019association \u2013 Cr\u00e9ation du site internet<\/strong><\/p><p><strong>Phase 2 \u2013 Juin 2022<\/strong> &#8211; <strong>Cr\u00e9ation du noyau d\u2019Amis de NeverStopLoving<\/strong><br \/>Si vous avez l\u2019intime conviction que l\u2019Amiti\u00e9 est sacr\u00e9e, que l\u2019union est une force abyssale et que le battement d\u2019ailes d\u2019un papillon peut engendrer un typhon amical \u00e0 l\u2019autre bout du monde, vous aurez peut-\u00eatre la chance de vous faire parrainer au sein de NeverStopLoving, une association qui s\u2019entoure de gens qui partagent l\u2019importance de la v\u00e9ritable Amiti\u00e9.<\/p><p><strong>Phase 3 \u2013 Parrainage<\/strong> <br \/>Projeter NeverStopLoving vers l\u2019avenir est une action humaine et bienfaisante. <br \/>Par un dynamisme volontaire, nous demandons \u00e0 nos Membres co &#8211; cr\u00e9a-c\u0153urs, de faire adh\u00e9rer leurs meilleurs Amis qui partagent les m\u00eames valeurs afin que l\u2019histoire continue.<\/p>\t\t\t\t\t\t<\/div>\n\t\t\t\t<\/div>\n\t\t\t\t\t<\/div>\n\t\t<\/div>\n\t\t\t\t\t<\/div>\n\t\t<\/section>\n\t\t\t\t<section class=\"elementor-section elementor-top-section elementor-element elementor-element-df30a30 elementor-section-boxed elementor-section-height-default elementor-section-height-default\" data-id=\"df30a30\" data-element_type=\"section\">\n\t\t\t\t\t\t<div class=\"elementor-container elementor-column-gap-default\">\n\t\t\t\t\t<div class=\"elementor-column elementor-col-100 elementor-top-column elementor-element elementor-element-3264838\" data-id=\"3264838\" data-element_type=\"column\">\n\t\t\t<div class=\"elementor-widget-wrap elementor-element-populated\">\n\t\t\t\t\t\t<div class=\"elementor-element elementor-element-666e5bc elementor-widget-divider--view-line elementor-widget elementor-widget-divider\" data-id=\"666e5bc\" data-element_type=\"widget\" data-widget_type=\"divider.default\">\n\t\t\t\t<div class=\"elementor-widget-container\">\n\t\t\t\t\t<div class=\"elementor-divider\">\n\t\t\t<span class=\"elementor-divider-separator\">\n\t\t\t\t\t\t<\/span>\n\t\t<\/div>\n\t\t\t\t<\/div>\n\t\t\t\t<\/div>\n\t\t\t\t\t<\/div>\n\t\t<\/div>\n\t\t\t\t\t<\/div>\n\t\t<\/section>\n\t\t\t\t<section class=\"elementor-section elementor-top-section elementor-element elementor-element-5004ce3 elementor-section-boxed elementor-section-height-default elementor-section-height-default\" data-id=\"5004ce3\" data-element_type=\"section\">\n\t\t\t\t\t\t<div class=\"elementor-container elementor-column-gap-default\">\n\t\t\t\t\t<div class=\"elementor-column elementor-col-100 elementor-top-column elementor-element elementor-element-3434d85\" data-id=\"3434d85\" data-element_type=\"column\">\n\t\t\t<div class=\"elementor-widget-wrap elementor-element-populated\">\n\t\t\t\t\t\t<div class=\"elementor-element elementor-element-ac784b4 elementor-widget elementor-widget-text-editor\" data-id=\"ac784b4\" data-element_type=\"widget\" data-widget_type=\"text-editor.default\">\n\t\t\t\t<div class=\"elementor-widget-container\">\n\t\t\t\t\t\t\t<p><strong>Samedi 26 novembre 2022 : Quatri\u00e8me d\u00eener de l&rsquo;Amiti\u00e9<br \/><\/strong>Restaurant \u00ab\u00a0Sushi Game\u00a0\u00bb, <span class=\"LrzXr\">1 Rue Louis Breguet, 31700 Cornebarrieu<\/span><br \/>A partir de 19h00\/19h30 <br \/>R\u00e9servation par sms uniquement au 06.74.53.70.21<strong><br \/><br \/>Samedi 01 octobre 2022 : Troisi\u00e8me d\u00eener de l&rsquo;Amiti\u00e9<\/strong> <br \/>Restaurant \u00ab\u00a0Au Saveurs Brais\u00e9es\u00a0\u00bb, 14 avenue du Pr\u00e9sident Kennedy &#8211; 31330 Grenade. <br \/>De 19h \u00e0 00h00 &#8211; Repas \u00e0 21h.<br \/>R\u00e9servation par sms uniquement au 06.74.53.70.21<br \/><br \/><strong>Samedi 08 septembre 2022 : Deuxi\u00e8me d\u00eener de l&rsquo;Amiti\u00e9<\/strong> <br \/>Restaurant \u00ab\u00a0Sushi Game\u00a0\u00bb, <span class=\"LrzXr\">1 Rue Louis Breguet, 31700 Cornebarrieu<\/span><br \/>De 19h \u00e0 00h00 &#8211; Repas \u00e0 21h.<br \/>R\u00e9servation par sms uniquement au 06.74.53.70.21<br \/><br \/><strong>Samedi 20 ao\u00fbt 2022<\/strong> <strong>: Premier d\u00eener de l&rsquo;Amiti\u00e9<\/strong><br \/>Restaurant \u00ab\u00a0Au Saveurs Brais\u00e9es\u00a0\u00bb, 14 avenue du Pr\u00e9sident Kennedy &#8211; 31330 Grenade. <br \/>De 19h \u00e0 00h00 &#8211; Repas \u00e0 21h.<br \/>R\u00e9servation par sms uniquement au 06.74.53.70.21<\/p>\t\t\t\t\t\t<\/div>\n\t\t\t\t<\/div>\n\t\t\t\t\t<\/div>\n\t\t<\/div>\n\t\t\t\t\t<\/div>\n\t\t<\/section>\n\t\t\t\t<\/div>\n\t\t","protected":false},"excerpt":{"rendered":"<p>Phase 1 \u2013 Mai 2022 &#8211; Cr\u00e9ation de l\u2019association \u2013 Cr\u00e9ation du site internet Phase 2 \u2013 Juin 2022 &#8211; Cr\u00e9ation du noyau d\u2019Amis de NeverStopLovingSi vous avez l\u2019intime conviction que l\u2019Amiti\u00e9 est sacr\u00e9e, que l\u2019union est une force abyssale et que le battement d\u2019ailes d\u2019un papillon peut engendrer un typhon amical \u00e0 l\u2019autre bout [&hellip;]<\/p>\n","protected":false},"author":1,"featured_media":0,"parent":0,"menu_order":0,"comment_status":"closed","ping_status":"closed","template":"","meta":{"footnotes":""},"class_list":["post-62","page","type-page","status-publish","hentry"],"_links":{"self":[{"href":"https:\/\/www.neverstoploving.org\/index.php\/wp-json\/wp\/v2\/pages\/62","targetHints":{"allow":["GET"]}}],"collection":[{"href":"https:\/\/www.neverstoploving.org\/index.php\/wp-json\/wp\/v2\/pages"}],"about":[{"href":"https:\/\/www.neverstoploving.org\/index.php\/wp-json\/wp\/v2\/types\/page"}],"author":[{"embeddable":true,"href":"https:\/\/www.neverstoploving.org\/index.php\/wp-json\/wp\/v2\/users\/1"}],"replies":[{"embeddable":true,"href":"https:\/\/www.neverstoploving.org\/index.php\/wp-json\/wp\/v2\/comments?post=62"}],"version-history":[{"count":62,"href":"https:\/\/www.neverstoploving.org\/index.php\/wp-json\/wp\/v2\/pages\/62\/revisions"}],"predecessor-version":[{"id":408,"href":"https:\/\/www.neverstoploving.org\/index.php\/wp-json\/wp\/v2\/pages\/62\/revisions\/408"}],"wp:attachment":[{"href":"https:\/\/www.neverstoploving.org\/index.php\/wp-json\/wp\/v2\/media?parent=62"}],"curies":[{"name":"wp","href":"https:\/\/api.w.org\/{rel}","templated":true}]}}