{"id":59,"date":"2022-08-21T21:59:49","date_gmt":"2022-08-21T19:59:49","guid":{"rendered":"http:\/\/www.neverstoploving.org\/?page_id=59"},"modified":"2022-08-22T01:19:48","modified_gmt":"2022-08-21T23:19:48","slug":"membres","status":"publish","type":"page","link":"https:\/\/www.neverstoploving.org\/index.php\/membres\/","title":{"rendered":"MEMBRES"},"content":{"rendered":"\t\t<div data-elementor-type=\"wp-page\" data-elementor-id=\"59\" class=\"elementor elementor-59\">\n\t\t\t\t\t\t<section class=\"elementor-section elementor-top-section elementor-element elementor-element-e965335 elementor-section-boxed elementor-section-height-default elementor-section-height-default\" data-id=\"e965335\" data-element_type=\"section\">\n\t\t\t\t\t\t<div class=\"elementor-container elementor-column-gap-default\">\n\t\t\t\t\t<div class=\"elementor-column elementor-col-100 elementor-top-column elementor-element elementor-element-ee3ecb1\" data-id=\"ee3ecb1\" data-element_type=\"column\">\n\t\t\t<div class=\"elementor-widget-wrap elementor-element-populated\">\n\t\t\t\t\t\t<div class=\"elementor-element elementor-element-1710b67 elementor-widget-divider--view-line elementor-widget elementor-widget-divider\" data-id=\"1710b67\" data-element_type=\"widget\" data-widget_type=\"divider.default\">\n\t\t\t\t<div class=\"elementor-widget-container\">\n\t\t\t<style>\/*! elementor - v3.21.0 - 25-04-2024 *\/\n.elementor-widget-divider{--divider-border-style:none;--divider-border-width:1px;--divider-color:#0c0d0e;--divider-icon-size:20px;--divider-element-spacing:10px;--divider-pattern-height:24px;--divider-pattern-size:20px;--divider-pattern-url:none;--divider-pattern-repeat:repeat-x}.elementor-widget-divider .elementor-divider{display:flex}.elementor-widget-divider .elementor-divider__text{font-size:15px;line-height:1;max-width:95%}.elementor-widget-divider .elementor-divider__element{margin:0 var(--divider-element-spacing);flex-shrink:0}.elementor-widget-divider .elementor-icon{font-size:var(--divider-icon-size)}.elementor-widget-divider .elementor-divider-separator{display:flex;margin:0;direction:ltr}.elementor-widget-divider--view-line_icon .elementor-divider-separator,.elementor-widget-divider--view-line_text .elementor-divider-separator{align-items:center}.elementor-widget-divider--view-line_icon .elementor-divider-separator:after,.elementor-widget-divider--view-line_icon .elementor-divider-separator:before,.elementor-widget-divider--view-line_text .elementor-divider-separator:after,.elementor-widget-divider--view-line_text .elementor-divider-separator:before{display:block;content:\"\";border-block-end:0;flex-grow:1;border-block-start:var(--divider-border-width) var(--divider-border-style) var(--divider-color)}.elementor-widget-divider--element-align-left .elementor-divider .elementor-divider-separator>.elementor-divider__svg:first-of-type{flex-grow:0;flex-shrink:100}.elementor-widget-divider--element-align-left .elementor-divider-separator:before{content:none}.elementor-widget-divider--element-align-left .elementor-divider__element{margin-left:0}.elementor-widget-divider--element-align-right .elementor-divider .elementor-divider-separator>.elementor-divider__svg:last-of-type{flex-grow:0;flex-shrink:100}.elementor-widget-divider--element-align-right .elementor-divider-separator:after{content:none}.elementor-widget-divider--element-align-right .elementor-divider__element{margin-right:0}.elementor-widget-divider--element-align-start .elementor-divider .elementor-divider-separator>.elementor-divider__svg:first-of-type{flex-grow:0;flex-shrink:100}.elementor-widget-divider--element-align-start .elementor-divider-separator:before{content:none}.elementor-widget-divider--element-align-start .elementor-divider__element{margin-inline-start:0}.elementor-widget-divider--element-align-end .elementor-divider .elementor-divider-separator>.elementor-divider__svg:last-of-type{flex-grow:0;flex-shrink:100}.elementor-widget-divider--element-align-end .elementor-divider-separator:after{content:none}.elementor-widget-divider--element-align-end .elementor-divider__element{margin-inline-end:0}.elementor-widget-divider:not(.elementor-widget-divider--view-line_text):not(.elementor-widget-divider--view-line_icon) .elementor-divider-separator{border-block-start:var(--divider-border-width) var(--divider-border-style) var(--divider-color)}.elementor-widget-divider--separator-type-pattern{--divider-border-style:none}.elementor-widget-divider--separator-type-pattern.elementor-widget-divider--view-line .elementor-divider-separator,.elementor-widget-divider--separator-type-pattern:not(.elementor-widget-divider--view-line) .elementor-divider-separator:after,.elementor-widget-divider--separator-type-pattern:not(.elementor-widget-divider--view-line) .elementor-divider-separator:before,.elementor-widget-divider--separator-type-pattern:not([class*=elementor-widget-divider--view]) .elementor-divider-separator{width:100%;min-height:var(--divider-pattern-height);-webkit-mask-size:var(--divider-pattern-size) 100%;mask-size:var(--divider-pattern-size) 100%;-webkit-mask-repeat:var(--divider-pattern-repeat);mask-repeat:var(--divider-pattern-repeat);background-color:var(--divider-color);-webkit-mask-image:var(--divider-pattern-url);mask-image:var(--divider-pattern-url)}.elementor-widget-divider--no-spacing{--divider-pattern-size:auto}.elementor-widget-divider--bg-round{--divider-pattern-repeat:round}.rtl .elementor-widget-divider .elementor-divider__text{direction:rtl}.e-con-inner>.elementor-widget-divider,.e-con>.elementor-widget-divider{width:var(--container-widget-width,100%);--flex-grow:var(--container-widget-flex-grow)}<\/style>\t\t<div class=\"elementor-divider\">\n\t\t\t<span class=\"elementor-divider-separator\">\n\t\t\t\t\t\t<\/span>\n\t\t<\/div>\n\t\t\t\t<\/div>\n\t\t\t\t<\/div>\n\t\t\t\t\t<\/div>\n\t\t<\/div>\n\t\t\t\t\t<\/div>\n\t\t<\/section>\n\t\t\t\t<section class=\"elementor-section elementor-top-section elementor-element elementor-element-5bcaa49 elementor-section-boxed elementor-section-height-default elementor-section-height-default\" data-id=\"5bcaa49\" data-element_type=\"section\">\n\t\t\t\t\t\t<div class=\"elementor-container elementor-column-gap-default\">\n\t\t\t\t\t<div class=\"elementor-column elementor-col-100 elementor-top-column elementor-element elementor-element-f0935a7\" data-id=\"f0935a7\" data-element_type=\"column\">\n\t\t\t<div class=\"elementor-widget-wrap elementor-element-populated\">\n\t\t\t\t\t\t<div class=\"elementor-element elementor-element-389f4e0 elementor-widget elementor-widget-text-editor\" data-id=\"389f4e0\" data-element_type=\"widget\" data-widget_type=\"text-editor.default\">\n\t\t\t\t<div class=\"elementor-widget-container\">\n\t\t\t<style>\/*! elementor - v3.21.0 - 25-04-2024 *\/\n.elementor-widget-text-editor.elementor-drop-cap-view-stacked .elementor-drop-cap{background-color:#69727d;color:#fff}.elementor-widget-text-editor.elementor-drop-cap-view-framed .elementor-drop-cap{color:#69727d;border:3px solid;background-color:transparent}.elementor-widget-text-editor:not(.elementor-drop-cap-view-default) .elementor-drop-cap{margin-top:8px}.elementor-widget-text-editor:not(.elementor-drop-cap-view-default) .elementor-drop-cap-letter{width:1em;height:1em}.elementor-widget-text-editor .elementor-drop-cap{float:left;text-align:center;line-height:1;font-size:50px}.elementor-widget-text-editor .elementor-drop-cap-letter{display:inline-block}<\/style>\t\t\t\t<h5><strong>CAT\u00c9GORIE DE MEMBRES<\/strong><\/h5><p>L&rsquo;association NeverStopLoving est compos\u00e9e de Membres suivants :<\/p><p><u>&#8211; de Membres du Bureau <\/u><\/p><p>Le Bureau est \u00e9lu par ses Membres. Il est compos\u00e9 du Pr\u00e9sident de l&rsquo;association, d&rsquo;un Directeur, d\u2019un Tr\u00e9sorier, d\u2019un Secr\u00e9taire ainsi que d\u2019autres Membres \u00e0 titres nominatifs. Il peut \u00e9voluer. Il constitue le v\u00e9ritable ex\u00e9cutif de l&rsquo;association. Tous les Membres du Bureau ont une voix d\u00e9lib\u00e9rative.<\/p><p>La nature des responsabilit\u00e9s sp\u00e9cifiques de chaque Membre du Bureau est d\u00e9finie par l\u2019ensemble des sujets qui le compose.<\/p><p>Les dur\u00e9es des mandats au sein du bureau sont\u00a0 renouvel\u00e9es par le suffrage de l\u2019assembl\u00e9e g\u00e9n\u00e9rale tous les trois ans. Les Membres sortants sont reconductibles par vote, sauf s\u2019ils \u00e9mettent un refus.<\/p><p>Un Membre du Bureau peut \u00eatre dessaisi de ses fonctions, pour faute, sur proposition de la majorit\u00e9 du scrutin en assembl\u00e9e extraordinaire et dans le respect de la proc\u00e9dure disciplinaire. Le probl\u00e8me sera \u00e9tudi\u00e9 par le Bureau et vot\u00e9 une nouvelle fois. Si la majorit\u00e9 l\u2019emporte \u00e0 nouveau, le Membre sera exclu.<\/p><p><u>&#8211; de Membres Actifs <br \/><\/u><\/p><p>Le Membre Actif est un Membre titulaire. Il est coopt\u00e9 par le Directeur ou son d\u00e9l\u00e9gu\u00e9. Ces Membres font partie du noyau de NeverStopLoving. Il ne pourra devenir Membre Actif qu\u2019apr\u00e8s avoir \u00e9t\u00e9 Membre Adh\u00e9rent pendant plus d\u2019un an.<\/p><p>Il a une voix consultative mais aura une voix d\u00e9lib\u00e9rative au sein de l&rsquo;assembl\u00e9e g\u00e9n\u00e9rale \u00e0 travers le repr\u00e9sentant qu\u2019il aura \u00e9lu avec le reste des Membres Actifs s\u2019ils le d\u00e9sirent. S&rsquo;il n&rsquo;y a pas de repr\u00e9sentant \u00e9lu, sa voix d\u00e9lib\u00e9rative ne comptera pas lors de l&rsquo;assembl\u00e9e g\u00e9n\u00e9rale.<\/p><p>Le Membre Actif est un Membre b\u00e9n\u00e9ficiant de tous les droits et privil\u00e8ges de l&rsquo;association. Il peut participer aux actions de l\u2019association et doit avoir une conduite susceptible de donner une opinion favorable \u00e0 l\u2019association.<\/p><p><u>&#8211; de Membres Adh\u00e9rents <\/u><\/p><p>Le Membre Adh\u00e9rent est un Membre \u00e0 part enti\u00e8re de l\u2019association par son inscription \u00e0 l\u2019association.\u00a0<\/p><p>Il est admis par trois Membres de NeverStopLoving avec l\u2019aval du Directeur ou par le Directeur. Il pourra devenir Membre Actif au bout d\u2019un an s\u2019il respecte le pr\u00e9sent r\u00e8glement. Il a une voix consultative s\u2019il le d\u00e9sire.<\/p><p>Il sera inform\u00e9 des actions de l\u2019association par le site Internet de l\u2019association et pourra y participer.<\/p><p><u>&#8211; de Membres Ambassadeurs<\/u><\/p><p>Le Membre Ambassadeur est une personne physique ou morale, qui, par son statut, porte l\u2019esprit et les valeurs de l\u2019association au travers de son image et de sa repr\u00e9sentativit\u00e9. Au travers de son nom, de sa marque ou du produit qui le caract\u00e9rise, il apporte une contribution de partenariat en accord aux valeurs de NeverStopLoving.<\/p><p>Il est admis par le Directeur. Il est dispens\u00e9 de cotisation sauf s&rsquo;ils en d\u00e9cident autrement de sa propre volont\u00e9.<\/p><p>Il a une voix consultative s\u2019il le d\u00e9sire.<\/p><p><u>&#8211; de Membres d\u2019Honneur<\/u><\/p><p>Le Membre d\u2019Honneur est une personne physique ou morale qui honore, par son travail et sa reconnaissance professionnelle, les valeurs et les principes de la philosophie de NeverStopLoving. Il met \u00e0 disposition son savoir-faire ou son expertise.<\/p><p>Il est admis par le Directeur. Il est dispens\u00e9 de cotisation sauf s&rsquo;ils en d\u00e9cident autrement de sa propre volont\u00e9. Il a une voix consultative s\u2019il l&rsquo;a sollicite. Il est Membre \u00e0 vie s&rsquo;il le d\u00e9sire.<\/p><p><u>&#8211; de Membres Associ\u00e9s<\/u><\/p><p>Un Membre Associ\u00e9 est une personne ou un groupe de personnes physiques ou morales qui au travers dudit groupe qu\u2019il repr\u00e9sente, donne une valeur ajout\u00e9e au message de NeverStopLoving.<\/p><p>Il est admis par le Directeur. Il a une voix consultative s\u2019il le d\u00e9sire. Il est dispens\u00e9 de cotisation sauf s&rsquo;il en d\u00e9cide autrement de sa propre volont\u00e9.<\/p><p><u>&#8211; de Membres Bienfaiteurs<\/u><\/p><p>Est d\u00e9nomm\u00e9 Membre bienfaiteurs, toute personne physique ou morale qui manifeste son attachement aux valeurs de l\u2019association ayant apport\u00e9 une contribution financi\u00e8re exceptionnelle qui peut-\u00eatre unique, occasionnelle ou r\u00e9guli\u00e8re en s\u2019acquittant par exemple d\u2019une cotisation annuelle sup\u00e9rieure\u00a0 dont le montant est fix\u00e9 librement par l\u2019int\u00e9ress\u00e9.<\/p><p>Ces Membres b\u00e9n\u00e9ficieront de certains avantages. Il a une voix consultative s\u2019il le d\u00e9sire.<\/p><p><u>&#8211; de Membres de Droit<\/u><\/p><p>Le Membre de Droit devient Membre de l\u2019association en raison de sa seule qualit\u00e9, sans avoir \u00e0 demander son adh\u00e9sion, \u00e0 condition de l&rsquo;accepter. Il est dispens\u00e9 de cotisation sauf s&rsquo;il en d\u00e9cide autrement de sa propre volont\u00e9. Il est admis par le Directeur. Il a une voix consultative s\u2019il le d\u00e9sire.<\/p><p><u>&#8211; de Membres Saisonniers <\/u><\/p><p>Un Membre Saisonnier est une personne apportant une aide exceptionnelle \u00e0 l\u2019organisation d\u2019\u00e9v\u00e9nements organis\u00e9es par NeverStopLoving. Il est admis par un des Membres du Bureau. Il a une voix consultative s\u2019il le d\u00e9sire.\u00a0<\/p><p>Il est dispens\u00e9 de cotisation sauf s&rsquo;il en d\u00e9cide autrement de sa propre volont\u00e9.<\/p><p><u>&#8211; de Membres disparus<\/u><\/p><p>Le Membres disparus sont pour nous, Membres de NeverStopLoving, omnipr\u00e9sents. Ce sont des veilleurs d\u2019\u00e2mes que nous continueront d\u2019honorer advitam eternam, afin que l\u2019histoire continue.<\/p><p>Ils sont admis de facto apr\u00e8s leur d\u00e9c\u00e8s dans la m\u00e9moire perp\u00e9tuelle de NeverStopLoving.<\/p>\t\t\t\t\t\t<\/div>\n\t\t\t\t<\/div>\n\t\t\t\t\t<\/div>\n\t\t<\/div>\n\t\t\t\t\t<\/div>\n\t\t<\/section>\n\t\t\t\t<\/div>\n\t\t","protected":false},"excerpt":{"rendered":"<p>CAT\u00c9GORIE DE MEMBRES L&rsquo;association NeverStopLoving est compos\u00e9e de Membres suivants : &#8211; de Membres du Bureau Le Bureau est \u00e9lu par ses Membres. Il est compos\u00e9 du Pr\u00e9sident de l&rsquo;association, d&rsquo;un Directeur, d\u2019un Tr\u00e9sorier, d\u2019un Secr\u00e9taire ainsi que d\u2019autres Membres \u00e0 titres nominatifs. Il peut \u00e9voluer. Il constitue le v\u00e9ritable ex\u00e9cutif de l&rsquo;association. Tous les [&hellip;]<\/p>\n","protected":false},"author":1,"featured_media":0,"parent":0,"menu_order":0,"comment_status":"closed","ping_status":"closed","template":"","meta":{"footnotes":""},"class_list":["post-59","page","type-page","status-publish","hentry"],"_links":{"self":[{"href":"https:\/\/www.neverstoploving.org\/index.php\/wp-json\/wp\/v2\/pages\/59","targetHints":{"allow":["GET"]}}],"collection":[{"href":"https:\/\/www.neverstoploving.org\/index.php\/wp-json\/wp\/v2\/pages"}],"about":[{"href":"https:\/\/www.neverstoploving.org\/index.php\/wp-json\/wp\/v2\/types\/page"}],"author":[{"embeddable":true,"href":"https:\/\/www.neverstoploving.org\/index.php\/wp-json\/wp\/v2\/users\/1"}],"replies":[{"embeddable":true,"href":"https:\/\/www.neverstoploving.org\/index.php\/wp-json\/wp\/v2\/comments?post=59"}],"version-history":[{"count":10,"href":"https:\/\/www.neverstoploving.org\/index.php\/wp-json\/wp\/v2\/pages\/59\/revisions"}],"predecessor-version":[{"id":222,"href":"https:\/\/www.neverstoploving.org\/index.php\/wp-json\/wp\/v2\/pages\/59\/revisions\/222"}],"wp:attachment":[{"href":"https:\/\/www.neverstoploving.org\/index.php\/wp-json\/wp\/v2\/media?parent=59"}],"curies":[{"name":"wp","href":"https:\/\/api.w.org\/{rel}","templated":true}]}}