{"id":346,"date":"2022-09-19T12:44:06","date_gmt":"2022-09-19T10:44:06","guid":{"rendered":"http:\/\/www.neverstoploving.org\/?page_id=346"},"modified":"2022-10-18T23:34:38","modified_gmt":"2022-10-18T21:34:38","slug":"definition-de-lamitie-par-ses-membres","status":"publish","type":"page","link":"https:\/\/www.neverstoploving.org\/index.php\/definition-de-lamitie-par-ses-membres\/","title":{"rendered":"D\u00c9FINITION DE L&rsquo;AMITI\u00c9 PAR SES MEMBRES"},"content":{"rendered":"\t\t<div data-elementor-type=\"wp-page\" data-elementor-id=\"346\" class=\"elementor elementor-346\">\n\t\t\t\t\t\t<section class=\"elementor-section elementor-top-section elementor-element elementor-element-a7132a0 elementor-section-boxed elementor-section-height-default elementor-section-height-default\" data-id=\"a7132a0\" data-element_type=\"section\">\n\t\t\t\t\t\t<div class=\"elementor-container elementor-column-gap-default\">\n\t\t\t\t\t<div class=\"elementor-column elementor-col-100 elementor-top-column elementor-element elementor-element-0a44608\" data-id=\"0a44608\" data-element_type=\"column\">\n\t\t\t<div class=\"elementor-widget-wrap elementor-element-populated\">\n\t\t\t\t\t\t<div class=\"elementor-element elementor-element-a572a3e elementor-widget-divider--view-line elementor-widget elementor-widget-divider\" data-id=\"a572a3e\" data-element_type=\"widget\" data-widget_type=\"divider.default\">\n\t\t\t\t<div class=\"elementor-widget-container\">\n\t\t\t<style>\/*! elementor - v3.21.0 - 25-04-2024 *\/\n.elementor-widget-divider{--divider-border-style:none;--divider-border-width:1px;--divider-color:#0c0d0e;--divider-icon-size:20px;--divider-element-spacing:10px;--divider-pattern-height:24px;--divider-pattern-size:20px;--divider-pattern-url:none;--divider-pattern-repeat:repeat-x}.elementor-widget-divider .elementor-divider{display:flex}.elementor-widget-divider .elementor-divider__text{font-size:15px;line-height:1;max-width:95%}.elementor-widget-divider .elementor-divider__element{margin:0 var(--divider-element-spacing);flex-shrink:0}.elementor-widget-divider .elementor-icon{font-size:var(--divider-icon-size)}.elementor-widget-divider .elementor-divider-separator{display:flex;margin:0;direction:ltr}.elementor-widget-divider--view-line_icon .elementor-divider-separator,.elementor-widget-divider--view-line_text .elementor-divider-separator{align-items:center}.elementor-widget-divider--view-line_icon .elementor-divider-separator:after,.elementor-widget-divider--view-line_icon .elementor-divider-separator:before,.elementor-widget-divider--view-line_text .elementor-divider-separator:after,.elementor-widget-divider--view-line_text .elementor-divider-separator:before{display:block;content:\"\";border-block-end:0;flex-grow:1;border-block-start:var(--divider-border-width) var(--divider-border-style) var(--divider-color)}.elementor-widget-divider--element-align-left .elementor-divider .elementor-divider-separator>.elementor-divider__svg:first-of-type{flex-grow:0;flex-shrink:100}.elementor-widget-divider--element-align-left .elementor-divider-separator:before{content:none}.elementor-widget-divider--element-align-left .elementor-divider__element{margin-left:0}.elementor-widget-divider--element-align-right .elementor-divider .elementor-divider-separator>.elementor-divider__svg:last-of-type{flex-grow:0;flex-shrink:100}.elementor-widget-divider--element-align-right .elementor-divider-separator:after{content:none}.elementor-widget-divider--element-align-right .elementor-divider__element{margin-right:0}.elementor-widget-divider--element-align-start .elementor-divider .elementor-divider-separator>.elementor-divider__svg:first-of-type{flex-grow:0;flex-shrink:100}.elementor-widget-divider--element-align-start .elementor-divider-separator:before{content:none}.elementor-widget-divider--element-align-start .elementor-divider__element{margin-inline-start:0}.elementor-widget-divider--element-align-end .elementor-divider .elementor-divider-separator>.elementor-divider__svg:last-of-type{flex-grow:0;flex-shrink:100}.elementor-widget-divider--element-align-end .elementor-divider-separator:after{content:none}.elementor-widget-divider--element-align-end .elementor-divider__element{margin-inline-end:0}.elementor-widget-divider:not(.elementor-widget-divider--view-line_text):not(.elementor-widget-divider--view-line_icon) .elementor-divider-separator{border-block-start:var(--divider-border-width) var(--divider-border-style) var(--divider-color)}.elementor-widget-divider--separator-type-pattern{--divider-border-style:none}.elementor-widget-divider--separator-type-pattern.elementor-widget-divider--view-line .elementor-divider-separator,.elementor-widget-divider--separator-type-pattern:not(.elementor-widget-divider--view-line) .elementor-divider-separator:after,.elementor-widget-divider--separator-type-pattern:not(.elementor-widget-divider--view-line) .elementor-divider-separator:before,.elementor-widget-divider--separator-type-pattern:not([class*=elementor-widget-divider--view]) .elementor-divider-separator{width:100%;min-height:var(--divider-pattern-height);-webkit-mask-size:var(--divider-pattern-size) 100%;mask-size:var(--divider-pattern-size) 100%;-webkit-mask-repeat:var(--divider-pattern-repeat);mask-repeat:var(--divider-pattern-repeat);background-color:var(--divider-color);-webkit-mask-image:var(--divider-pattern-url);mask-image:var(--divider-pattern-url)}.elementor-widget-divider--no-spacing{--divider-pattern-size:auto}.elementor-widget-divider--bg-round{--divider-pattern-repeat:round}.rtl .elementor-widget-divider .elementor-divider__text{direction:rtl}.e-con-inner>.elementor-widget-divider,.e-con>.elementor-widget-divider{width:var(--container-widget-width,100%);--flex-grow:var(--container-widget-flex-grow)}<\/style>\t\t<div class=\"elementor-divider\">\n\t\t\t<span class=\"elementor-divider-separator\">\n\t\t\t\t\t\t<\/span>\n\t\t<\/div>\n\t\t\t\t<\/div>\n\t\t\t\t<\/div>\n\t\t\t\t\t<\/div>\n\t\t<\/div>\n\t\t\t\t\t<\/div>\n\t\t<\/section>\n\t\t\t\t<section class=\"elementor-section elementor-top-section elementor-element elementor-element-eab91c2 elementor-section-boxed elementor-section-height-default elementor-section-height-default\" data-id=\"eab91c2\" data-element_type=\"section\">\n\t\t\t\t\t\t<div class=\"elementor-container elementor-column-gap-default\">\n\t\t\t\t\t<div class=\"elementor-column elementor-col-100 elementor-top-column elementor-element elementor-element-f107f5a\" data-id=\"f107f5a\" data-element_type=\"column\">\n\t\t\t<div class=\"elementor-widget-wrap elementor-element-populated\">\n\t\t\t\t\t\t<div class=\"elementor-element elementor-element-23f47c3 elementor-widget elementor-widget-text-editor\" data-id=\"23f47c3\" data-element_type=\"widget\" data-widget_type=\"text-editor.default\">\n\t\t\t\t<div class=\"elementor-widget-container\">\n\t\t\t<style>\/*! elementor - v3.21.0 - 25-04-2024 *\/\n.elementor-widget-text-editor.elementor-drop-cap-view-stacked .elementor-drop-cap{background-color:#69727d;color:#fff}.elementor-widget-text-editor.elementor-drop-cap-view-framed .elementor-drop-cap{color:#69727d;border:3px solid;background-color:transparent}.elementor-widget-text-editor:not(.elementor-drop-cap-view-default) .elementor-drop-cap{margin-top:8px}.elementor-widget-text-editor:not(.elementor-drop-cap-view-default) .elementor-drop-cap-letter{width:1em;height:1em}.elementor-widget-text-editor .elementor-drop-cap{float:left;text-align:center;line-height:1;font-size:50px}.elementor-widget-text-editor .elementor-drop-cap-letter{display:inline-block}<\/style>\t\t\t\t<p><strong>Honor &#8211; Veritas \u2013 Confido<\/strong><\/p><p>Qu\u2019il y a-t-il de plus noble au monde qu\u2019une v\u00e9ritable Amiti\u00e9 ?<\/p><p>L\u2019Amiti\u00e9 authentique est fondamentale pour l\u2019homme. Elle se construit au fil du temps et nous \u00e9quilibre.<br \/>Elle est fond\u00e9e sur l\u2019honneur, la v\u00e9rit\u00e9 et la confiance.<\/p><p>Vraie et impuls\u00e9e par une force d\u2019\u00e2me, l\u2019Amiti\u00e9 rend l\u2019\u00eatre humain unique. C\u2019est une science du bien qui se caract\u00e9rise par des signes incontestables d\u2019affection. Cela se traduit par des liens tr\u00e8s forts tiss\u00e9s entre des personnes qui se reconnaissent \u00e0 travers des souvenirs grav\u00e9s dans leur m\u00e9moire.<\/p><p>L\u2019une des grandeurs de l\u2019Amiti\u00e9 est d\u2019agir pour le bien de l\u2019autre sans \u00eatre pour autant un membre de sa famille. Son importance n\u2019est plus \u00e0 prouver : respect de la personne, fous rires et sensation de vide lorsque nos amis viennent \u00e0 nous manquer.<\/p><p>Sans oublier le partage d\u2019un soutien moral qui rend toute dignit\u00e9 \u00e0 ceux que l\u2019existence a maltrait\u00e9s psychologiquement ou physiquement.<br \/>Mon souhait est que ces Membres de NeverStopLoving r\u00e9parent chaque jour le pass\u00e9 pour pr\u00e9parer leur avenir.<\/p><p>Quand l\u2019acceptation et l\u2019affection sont r\u00e9ciproques, les vrais amis sont pour la vie. Ils sont une souche ind\u00e9pendante de nous-m\u00eames et font partie int\u00e9grante de notre existence.<br \/>Nous avons besoin de passer plus de temps ensemble afin de cr\u00e9er une synergie qui nous permet d\u2019avancer et d\u2019accro\u00eetre notre bonheur.<\/p><p>Le d\u00e9veloppement d\u2019une id\u00e9ologie collective permet aussi de trouver des solutions qui se mat\u00e9rialisent par une pluralit\u00e9 de conseils b\u00e9n\u00e9fiques pour la satisfaction de nos Membres. Il est vrai que cent cerveaux valent mieux qu\u2019un.<\/p><p>L\u2019Amiti\u00e9 est peut-\u00eatre plus forte que l\u2019Amour. Elle est la r\u00e9compense qui attend les vertueux, mesure de l\u2019excellence d\u2019un homme.<\/p><p>David Ha\u00efk \u2013 15 septembre 2022<\/p>\t\t\t\t\t\t<\/div>\n\t\t\t\t<\/div>\n\t\t\t\t\t<\/div>\n\t\t<\/div>\n\t\t\t\t\t<\/div>\n\t\t<\/section>\n\t\t\t\t<\/div>\n\t\t","protected":false},"excerpt":{"rendered":"<p>Honor &#8211; Veritas \u2013 Confido Qu\u2019il y a-t-il de plus noble au monde qu\u2019une v\u00e9ritable Amiti\u00e9 ? L\u2019Amiti\u00e9 authentique est fondamentale pour l\u2019homme. Elle se construit au fil du temps et nous \u00e9quilibre.Elle est fond\u00e9e sur l\u2019honneur, la v\u00e9rit\u00e9 et la confiance. Vraie et impuls\u00e9e par une force d\u2019\u00e2me, l\u2019Amiti\u00e9 rend l\u2019\u00eatre humain unique. C\u2019est [&hellip;]<\/p>\n","protected":false},"author":1,"featured_media":0,"parent":0,"menu_order":0,"comment_status":"closed","ping_status":"closed","template":"","meta":{"footnotes":""},"class_list":["post-346","page","type-page","status-publish","hentry"],"_links":{"self":[{"href":"https:\/\/www.neverstoploving.org\/index.php\/wp-json\/wp\/v2\/pages\/346","targetHints":{"allow":["GET"]}}],"collection":[{"href":"https:\/\/www.neverstoploving.org\/index.php\/wp-json\/wp\/v2\/pages"}],"about":[{"href":"https:\/\/www.neverstoploving.org\/index.php\/wp-json\/wp\/v2\/types\/page"}],"author":[{"embeddable":true,"href":"https:\/\/www.neverstoploving.org\/index.php\/wp-json\/wp\/v2\/users\/1"}],"replies":[{"embeddable":true,"href":"https:\/\/www.neverstoploving.org\/index.php\/wp-json\/wp\/v2\/comments?post=346"}],"version-history":[{"count":19,"href":"https:\/\/www.neverstoploving.org\/index.php\/wp-json\/wp\/v2\/pages\/346\/revisions"}],"predecessor-version":[{"id":393,"href":"https:\/\/www.neverstoploving.org\/index.php\/wp-json\/wp\/v2\/pages\/346\/revisions\/393"}],"wp:attachment":[{"href":"https:\/\/www.neverstoploving.org\/index.php\/wp-json\/wp\/v2\/media?parent=346"}],"curies":[{"name":"wp","href":"https:\/\/api.w.org\/{rel}","templated":true}]}}