{"id":3,"date":"2022-08-21T19:43:31","date_gmt":"2022-08-21T17:43:31","guid":{"rendered":"http:\/\/www.neverstoploving.org\/?page_id=3"},"modified":"2022-08-23T11:21:47","modified_gmt":"2022-08-23T09:21:47","slug":"politique-de-confidentialite","status":"publish","type":"page","link":"https:\/\/www.neverstoploving.org\/index.php\/politique-de-confidentialite\/","title":{"rendered":"Politique de confidentialit\u00e9"},"content":{"rendered":"\t\t<div data-elementor-type=\"wp-page\" data-elementor-id=\"3\" class=\"elementor elementor-3\">\n\t\t\t\t\t\t<section class=\"elementor-section elementor-top-section elementor-element elementor-element-10cd641b elementor-section-boxed elementor-section-height-default elementor-section-height-default\" data-id=\"10cd641b\" data-element_type=\"section\">\n\t\t\t\t\t\t<div class=\"elementor-container elementor-column-gap-default\">\n\t\t\t\t\t<div class=\"elementor-column elementor-col-100 elementor-top-column elementor-element elementor-element-be95d27\" data-id=\"be95d27\" data-element_type=\"column\">\n\t\t\t<div class=\"elementor-widget-wrap elementor-element-populated\">\n\t\t\t\t\t\t<div class=\"elementor-element elementor-element-31019104 elementor-widget elementor-widget-text-editor\" data-id=\"31019104\" data-element_type=\"widget\" data-widget_type=\"text-editor.default\">\n\t\t\t\t<div class=\"elementor-widget-container\">\n\t\t\t<style>\/*! elementor - v3.21.0 - 25-04-2024 *\/\n.elementor-widget-text-editor.elementor-drop-cap-view-stacked .elementor-drop-cap{background-color:#69727d;color:#fff}.elementor-widget-text-editor.elementor-drop-cap-view-framed .elementor-drop-cap{color:#69727d;border:3px solid;background-color:transparent}.elementor-widget-text-editor:not(.elementor-drop-cap-view-default) .elementor-drop-cap{margin-top:8px}.elementor-widget-text-editor:not(.elementor-drop-cap-view-default) .elementor-drop-cap-letter{width:1em;height:1em}.elementor-widget-text-editor .elementor-drop-cap{float:left;text-align:center;line-height:1;font-size:50px}.elementor-widget-text-editor .elementor-drop-cap-letter{display:inline-block}<\/style>\t\t\t\t<!-- wp:heading -->\n<h2>Qui sommes-nous\u00a0?<\/h2>\n<!-- \/wp:heading --><!-- wp:paragraph -->\n<h5><strong>R\u00e9unissons nos meilleurs amis!<\/strong><br \/>NeverStopLoving a pour but de favoriser et promouvoir une valeur humaine sacr\u00e9e : l\u2019Amiti\u00e9.<br \/>Pour cela, l\u2019association demande \u00e0 chacun de ses Membres d\u2019ouvrir leurs c\u0153urs et de faciliter l\u2019interconnexion <br \/>des \u00e9changes, des passions, des forces qui battissent, afin de multiplier nos souvenirs des joies qu\u2019ils procurent.<br \/>Une v\u00e9ritable amiti\u00e9 est une valeur d\u2019excellence qui nous rend plus forts.<\/h5>\n<p><strong class=\"privacy-policy-tutorial\"><br \/><\/strong>L\u2019adresse de notre site est\u00a0: http:\/\/www.neverstoploving.org.<\/p>\n<!-- \/wp:paragraph --><!-- wp:heading -->\n<h2>Commentaires<\/h2>\n<!-- \/wp:heading --><!-- wp:paragraph -->\n<p>Quand vous laissez un commentaire sur notre site, les donn\u00e9es inscrites dans le formulaire de commentaire, <br \/>mais aussi votre adresse IP et l\u2019agent utilisateur de votre navigateur sont collect\u00e9s pour nous aider \u00e0 la d\u00e9tection des commentaires ind\u00e9sirables.<\/p>\n<!-- \/wp:paragraph --><!-- wp:paragraph --><!-- \/wp:paragraph --><!-- wp:heading --><!-- \/wp:paragraph --><!-- wp:heading -->\n<h2>Contenu embarqu\u00e9 depuis d\u2019autres sites<\/h2>\n<!-- \/wp:heading --><!-- wp:paragraph -->\n<p>Les articles de ce site peuvent inclure des contenus int\u00e9gr\u00e9s (par exemple des vid\u00e9os, images, articles\u2026). <br \/>Le contenu int\u00e9gr\u00e9 depuis d\u2019autres sites se comporte de la m\u00eame mani\u00e8re que si le visiteur se rendait sur cet autre site.<\/p>\n<!-- \/wp:paragraph --><!-- wp:paragraph -->\n<p>Ces sites web pourraient collecter des donn\u00e9es sur vous, utiliser des cookies, embarquer des outils de suivis tiers, <br \/>suivre vos interactions avec ces contenus embarqu\u00e9s si vous disposez d\u2019un compte connect\u00e9 sur leur site web.<\/p>\n<!-- \/wp:paragraph --><!-- wp:heading -->\n<h2>Utilisation et transmission de vos donn\u00e9es personnelles<\/h2>\n<!-- \/wp:heading --><!-- wp:paragraph -->\n<p>Dans le cadre de notre activit\u00e9, nous sommes susceptibles de traiter des informations vous concernant.<\/p>\n<p>Nous accordons une grande importance au respect de votre vie priv\u00e9e, ainsi qu\u2019\u00e0 la s\u00e9curit\u00e9 et \u00e0 la confidentialit\u00e9 de vos donn\u00e9es personnelles.<\/p>\n<p>Par cons\u00e9quent, nous nous engageons \u00e0 traiter vos donn\u00e9es personnelles dans le respect de la r\u00e8glementation fran\u00e7aise et europ\u00e9enne sur la protection des donn\u00e9es \u00e0 caract\u00e8re personnel, \u00e0 savoir notamment : la loi n\u00b078-17 du 6 janvier 1978 relative \u00e0 l\u2019informatique, aux fichiers et aux libert\u00e9s telle que modifi\u00e9e (ci-apr\u00e8s d\u00e9nomm\u00e9e \u00bb la loi Informatique et Libert\u00e9s \u00ab ), le R\u00e8glement UE 2016\/679 du 27 avril 2016 publi\u00e9 au Journal Officiel de l\u2019Union Europ\u00e9enne le 4 mai 2016 relatif \u00e0 la protection des personnes physiques \u00e0 l\u2019\u00e9gard du traitement des donn\u00e9es \u00e0 caract\u00e8re personnel et \u00e0 la libre circulation de ces donn\u00e9es (ci-apr\u00e8s d\u00e9nomm\u00e9 \u00bb le R\u00e8glement \u00ab ), directement applicable depuis le 25 mai 2018, ainsi que toute autre r\u00e9glementation fran\u00e7aise ou europ\u00e9enne qui viendrait \u00e0 s\u2019appliquer en mati\u00e8re de protection des donn\u00e9es personnelles.<\/p>\n<!-- \/wp:paragraph --><!-- wp:heading --><!-- \/wp:paragraph --><!-- wp:heading -->\n<h2>Transmission de vos donn\u00e9es personnelles<\/h2>\n<!-- \/wp:heading --><!-- wp:paragraph -->\n<p>Cette politique de confidentialit\u00e9 d\u00e9taille la mani\u00e8re dont nous traitons vos donn\u00e9es personnelles.<\/p>\n<p>Les donn\u00e9es personnelles que nous sommes susceptibles de traiter sont issues :<\/p>\n<p>Des donn\u00e9es que vous communiquez lorsque que vous utilisez notre Site et\/ou lorsque nous \u00e9changeons par t\u00e9l\u00e9phone, <br \/>par courrier \u00e9lectronique ou autrement ;<br \/>Il s\u2019agit par exemple des donn\u00e9es que vous renseignez dans un formulaire<\/p>\n<p>Nous collectons vos donn\u00e9es personnelles dans le but de g\u00e9rer notre relation et r\u00e9pondre \u00e0 vos questions. <br \/>En aucun cas vos donn\u00e9es ne sont trait\u00e9es ou communiqu\u00e9es \u00e0 des tiers.<\/p>\n<p>Pour toute question, veuillez nous contacter par courrier \u00e9lectronique \u00e0 l\u2019adresse : neverstoplovingfrance@gmail.com<\/p>\n<p>La pr\u00e9sente politique de confidentialit\u00e9 vous est opposable d\u00e8s lors que vous poursuivez la consultation de notre Site.<\/p>\n<!-- \/wp:paragraph -->\t\t\t\t\t\t<\/div>\n\t\t\t\t<\/div>\n\t\t\t\t\t<\/div>\n\t\t<\/div>\n\t\t\t\t\t<\/div>\n\t\t<\/section>\n\t\t\t\t<\/div>\n\t\t","protected":false},"excerpt":{"rendered":"<p>Qui sommes-nous\u00a0? R\u00e9unissons nos meilleurs amis!NeverStopLoving a pour but de favoriser et promouvoir une valeur humaine sacr\u00e9e : l\u2019Amiti\u00e9.Pour cela, l\u2019association demande \u00e0 chacun de ses Membres d\u2019ouvrir leurs c\u0153urs et de faciliter l\u2019interconnexion des \u00e9changes, des passions, des forces qui battissent, afin de multiplier nos souvenirs des joies qu\u2019ils procurent.Une v\u00e9ritable amiti\u00e9 est une [&hellip;]<\/p>\n","protected":false},"author":1,"featured_media":0,"parent":0,"menu_order":0,"comment_status":"closed","ping_status":"open","template":"","meta":{"footnotes":""},"class_list":["post-3","page","type-page","status-publish","hentry"],"_links":{"self":[{"href":"https:\/\/www.neverstoploving.org\/index.php\/wp-json\/wp\/v2\/pages\/3","targetHints":{"allow":["GET"]}}],"collection":[{"href":"https:\/\/www.neverstoploving.org\/index.php\/wp-json\/wp\/v2\/pages"}],"about":[{"href":"https:\/\/www.neverstoploving.org\/index.php\/wp-json\/wp\/v2\/types\/page"}],"author":[{"embeddable":true,"href":"https:\/\/www.neverstoploving.org\/index.php\/wp-json\/wp\/v2\/users\/1"}],"replies":[{"embeddable":true,"href":"https:\/\/www.neverstoploving.org\/index.php\/wp-json\/wp\/v2\/comments?post=3"}],"version-history":[{"count":15,"href":"https:\/\/www.neverstoploving.org\/index.php\/wp-json\/wp\/v2\/pages\/3\/revisions"}],"predecessor-version":[{"id":304,"href":"https:\/\/www.neverstoploving.org\/index.php\/wp-json\/wp\/v2\/pages\/3\/revisions\/304"}],"wp:attachment":[{"href":"https:\/\/www.neverstoploving.org\/index.php\/wp-json\/wp\/v2\/media?parent=3"}],"curies":[{"name":"wp","href":"https:\/\/api.w.org\/{rel}","templated":true}]}}